{"id":5961,"date":"2023-05-05T12:13:06","date_gmt":"2023-05-05T12:13:06","guid":{"rendered":"https:\/\/podolegvic.com\/declaracion-de-accesibilidad\/"},"modified":"2023-05-05T12:13:06","modified_gmt":"2023-05-05T12:13:06","slug":"declaracion-de-accesibilidad","status":"publish","type":"page","link":"https:\/\/podolegvic.com\/es\/declaracion-de-accesibilidad\/","title":{"rendered":"Declaraci\u00f3n de accesibilidad"},"content":{"rendered":"[vc_row type=\u00bbin_container\u00bb full_screen_row_position=\u00bbmiddle\u00bb column_margin=\u00bbdefault\u00bb column_direction=\u00bbdefault\u00bb column_direction_tablet=\u00bbdefault\u00bb column_direction_phone=\u00bbdefault\u00bb scene_position=\u00bbcenter\u00bb text_color=\u00bbdark\u00bb text_align=\u00bbleft\u00bb row_border_radius=\u00bbnone\u00bb row_border_radius_applies=\u00bbbg\u00bb overflow=\u00bbvisible\u00bb overlay_strength=\u00bb0.3&#8243; gradient_direction=\u00bbleft_to_right\u00bb shape_divider_position=\u00bbbottom\u00bb bg_image_animation=\u00bbnone\u00bb][vc_column column_padding=\u00bbno-extra-padding\u00bb column_padding_tablet=\u00bbinherit\u00bb column_padding_phone=\u00bbinherit\u00bb column_padding_position=\u00bball\u00bb column_element_direction_desktop=\u00bbdefault\u00bb column_element_spacing=\u00bbdefault\u00bb desktop_text_alignment=\u00bbdefault\u00bb tablet_text_alignment=\u00bbdefault\u00bb phone_text_alignment=\u00bbdefault\u00bb background_color_opacity=\u00bb1&#8243; background_hover_color_opacity=\u00bb1&#8243; column_backdrop_filter=\u00bbnone\u00bb column_shadow=\u00bbnone\u00bb column_border_radius=\u00bbnone\u00bb column_link_target=\u00bb_self\u00bb column_position=\u00bbdefault\u00bb gradient_direction=\u00bbleft_to_right\u00bb overlay_strength=\u00bb0.3&#8243; width=\u00bb1\/1&#8243; tablet_width_inherit=\u00bbdefault\u00bb animation_type=\u00bbdefault\u00bb bg_image_animation=\u00bbnone\u00bb border_type=\u00bbsimple\u00bb column_border_width=\u00bbnone\u00bb column_border_style=\u00bbsolid\u00bb][vc_column_text]Centre cl\u00ednic del peu se compromete a mejorar la accesibilidad y plena inclusi\u00f3n de personas con discapacidad para llevar a cabo sus tareas en todo el mundo. Centre cl\u00ednic del peu est\u00e1 colaborando con expertos y personas con discapacidad para dise\u00f1ar, desarrollar e implementar soluciones que provean igualdad de oportunidades.<\/p>\n<p>Centre cl\u00ednic del peu, a trav\u00e9s de la Convenci\u00f3n de los Derechos de las Personas con Discapacidad y su protocolo opcional (A\/RES\/61\/106), La Agenda 2030 para el desarrollo sustentable, la Nueva Agenda Urbana y el Protocolo de Reducci\u00f3n de Riesgo de Desastre de Sendai est\u00e1n dedicados a promover, proteger y garantizar que los derechos humanos y las libertades fundamentales sean completamente respetadas para todas las personas con discapacidad.<\/p>\n<p>Las herramientas de accesibilidad web, la adaptaci\u00f3n razonable y los ambientes de trabajo m\u00e1s inclusivos son solo un paso m\u00e1s en v\u00edas de proveer a las personas con discapacidad acceso igualitario a las oportunidades de empleo . Centre cl\u00ednic del peu est\u00e1 comprometida a construir sociedades resilientes y crear oportunidades que realmente no dejen a nadie atr\u00e1s.<\/p>\n<p>Entre las actualizaciones realizadas en nuestros sitios web en funci\u00f3n de mejorar la accesibilidad destacan:<\/p>\n<ul>\n<li>Navegaci\u00f3n Adaptable.<\/li>\n<li>Navegaci\u00f3n mediante el teclado.<\/li>\n<li>Enlaces descriptivos<\/li>\n<li>Interpretaci\u00f3n de recursos gr\u00e1ficos: permite conocer todos los detalles que contienen las p\u00e1ginas, incluidas las im\u00e1genes, tablas y otros elementos HTML.<\/li>\n<li>Visualizaci\u00f3n de todos los contenidos incluso en navegadores que no soporten CSS, plugin, etc.<\/li>\n<\/ul>\n<h4><strong>Navegaci\u00f3n Adaptable<\/strong><\/h4>\n<p>El dise\u00f1o de los sitios web de Centre cl\u00ednic del peu permite adaptar el contenido a m\u00faltiples dispositivos m\u00f3viles para garantizar la mejor experiencia de navegaci\u00f3n posible.<\/p>\n<h4>Navegaci\u00f3n mediante el teclado:<\/h4>\n<p>El proyecto de accesibilidad del portal del comit\u00e9 espa\u00f1ol de Centre cl\u00ednic del peu \u00a0permite que todo tipo de usuario pueda acceder a cualquier parte del portal con tan s\u00f3lo utilizar el teclado del ordenador.<\/p>\n<h4>Enlaces Descriptivos:<\/h4>\n<p>Los enlaces del portal incorporan una aclaraci\u00f3n sobre su destino.<\/p>\n<h4>Interpretaci\u00f3n de recursos gr\u00e1ficos:<\/h4>\n<p>Las im\u00e1genes, banners, incluso tablas publicadas en el portal del comit\u00e9 espa\u00f1ol de la Centre cl\u00ednic del peu incorporan una descripci\u00f3n que facilitan la comprensi\u00f3n de la informaci\u00f3n contenida en estos recursos gr\u00e1ficos.<\/p>\n<p>As\u00ed, es posible conocer qu\u00e9 imagen acompa\u00f1a a un contenido, qu\u00e9 productos o ideas promocionan los distintos banners o qu\u00e9 datos se facilitan en las algunas de las tablas.[\/vc_column_text][\/vc_column][\/vc_row]\n","protected":false},"excerpt":{"rendered":"<p>[vc_row type=\u00bbin_container\u00bb full_screen_row_position=\u00bbmiddle\u00bb column_margin=\u00bbdefault\u00bb column_direction=\u00bbdefault\u00bb column_direction_tablet=\u00bbdefault\u00bb column_direction_phone=\u00bbdefault\u00bb scene_position=\u00bbcenter\u00bb text_color=\u00bbdark\u00bb text_align=\u00bbleft\u00bb row_border_radius=\u00bbnone\u00bb row_border_radius_applies=\u00bbbg\u00bb overflow=\u00bbvisible\u00bb overlay_strength=\u00bb0.3&#8243; gradient_direction=\u00bbleft_to_right\u00bb shape_divider_position=\u00bbbottom\u00bb bg_image_animation=\u00bbnone\u00bb][vc_column column_padding=\u00bbno-extra-padding\u00bb column_padding_tablet=\u00bbinherit\u00bb column_padding_phone=\u00bbinherit\u00bb column_padding_position=\u00bball\u00bb column_element_direction_desktop=\u00bbdefault\u00bb column_element_spacing=\u00bbdefault\u00bb desktop_text_alignment=\u00bbdefault\u00bb tablet_text_alignment=\u00bbdefault\u00bb&#8230;<\/p>\n","protected":false},"author":2,"featured_media":0,"parent":0,"menu_order":0,"comment_status":"closed","ping_status":"closed","template":"","meta":{"footnotes":""},"class_list":["post-5961","page","type-page","status-publish"],"_links":{"self":[{"href":"https:\/\/podolegvic.com\/es\/wp-json\/wp\/v2\/pages\/5961","targetHints":{"allow":["GET"]}}],"collection":[{"href":"https:\/\/podolegvic.com\/es\/wp-json\/wp\/v2\/pages"}],"about":[{"href":"https:\/\/podolegvic.com\/es\/wp-json\/wp\/v2\/types\/page"}],"author":[{"embeddable":true,"href":"https:\/\/podolegvic.com\/es\/wp-json\/wp\/v2\/users\/2"}],"replies":[{"embeddable":true,"href":"https:\/\/podolegvic.com\/es\/wp-json\/wp\/v2\/comments?post=5961"}],"version-history":[{"count":0,"href":"https:\/\/podolegvic.com\/es\/wp-json\/wp\/v2\/pages\/5961\/revisions"}],"wp:attachment":[{"href":"https:\/\/podolegvic.com\/es\/wp-json\/wp\/v2\/media?parent=5961"}],"curies":[{"name":"wp","href":"https:\/\/api.w.org\/{rel}","templated":true}]}}